{"id":4069,"date":"2023-07-20T12:17:34","date_gmt":"2023-07-20T12:17:34","guid":{"rendered":"https:\/\/pitterpatterplay.co.uk\/?page_id=4069"},"modified":"2023-07-20T13:08:16","modified_gmt":"2023-07-20T13:08:16","slug":"after-school-club-faqs","status":"publish","type":"page","link":"https:\/\/pitterpatterplay.co.uk\/cy\/after-school-club-faqs\/","title":{"rendered":"After School Club &#8211; FAQ&#8217;s"},"content":{"rendered":"<p><section data-bb-version=\"4.5.9\" id=\"bt_bb_section69f373e2088ab\" class=\"bt_bb_section bt_bb_layout_boxed_1200 bt_bb_vertical_align_top bt_bb_bottom_section_coverage_image bt_bb_section_with_bottom_coverage_image bt_bb_top_spacing_large bt_bb_bottom_spacing_large bt_bb_negative_margin_none\"  data-bt-override-class=\"{&quot;bt_bb_top_spacing_&quot;:{&quot;current_class&quot;:&quot;bt_bb_top_spacing_large&quot;,&quot;def&quot;:&quot;large&quot;},&quot;bt_bb_bottom_spacing_&quot;:{&quot;current_class&quot;:&quot;bt_bb_bottom_spacing_large&quot;,&quot;def&quot;:&quot;large&quot;}}\"><div class=\"bt_bb_port\"><div class=\"bt_bb_cell\"><div class=\"bt_bb_cell_inner\"><div class=\"bt_bb_row\"  data-bt-override-class=\"{}\"><div class=\"bt_bb_row_holder\" ><div data-bb-version=\"4.5.5\"  class=\"bt_bb_column col-xxl-12 col-xl-12 col-xs-12 col-sm-12 col-md-12 col-lg-12 bt_bb_vertical_align_top bt_bb_align_center bt_bb_padding_normal\" style=\"; --column-width:12;\" data-width=\"12\" data-bt-override-class=\"{&quot;bt_bb_align_&quot;:{&quot;current_class&quot;:&quot;bt_bb_align_center&quot;,&quot;def&quot;:&quot;center&quot;},&quot;bt_bb_padding_&quot;:{&quot;current_class&quot;:&quot;bt_bb_padding_normal&quot;,&quot;def&quot;:&quot;normal&quot;}}\"><div class=\"bt_bb_column_content\"><div class=\"bt_bb_column_content_inner\"><header data-bb-version=\"4.5.9\" class=\"bt_bb_headline bt_bb_subheadline_text_transform_default bt_bb_dash_none bt_bb_size_huge bt_bb_align_inherit\" data-bt-override-class=\"{&quot;bt_bb_size_&quot;:{&quot;current_class&quot;:&quot;bt_bb_size_huge&quot;,&quot;def&quot;:&quot;huge&quot;},&quot;bt_bb_align_&quot;:{&quot;current_class&quot;:&quot;bt_bb_align_inherit&quot;,&quot;def&quot;:&quot;inherit&quot;}}\"><h1 class=\"bt_bb_headline_tag\"><span class=\"bt_bb_headline_content\"><span>After school club - FAQ's<\/span><\/span><\/h1><\/header><div data-bb-version=\"4.5.9\" class=\"bt_bb_separator_v2 bt_bb_border_style_none bt_bb_top_spacing_normal bt_bb_bottom_spacing_none bt_bb_border_thickness_1 bt_bb_icon_size_normal bt_bb_text_size_normal bt_bb_separator_v2_without_content\" data-bt-override-class=\"{&quot;bt_bb_top_spacing_&quot;:{&quot;current_class&quot;:&quot;bt_bb_top_spacing_normal&quot;,&quot;def&quot;:&quot;normal&quot;},&quot;bt_bb_bottom_spacing_&quot;:{&quot;current_class&quot;:&quot;bt_bb_bottom_spacing_none&quot;,&quot;def&quot;:&quot;none&quot;},&quot;bt_bb_border_thickness_&quot;:{&quot;current_class&quot;:&quot;bt_bb_border_thickness_1&quot;,&quot;def&quot;:&quot;1&quot;},&quot;bt_bb_icon_size_&quot;:{&quot;current_class&quot;:&quot;bt_bb_icon_size_normal&quot;,&quot;def&quot;:&quot;normal&quot;},&quot;bt_bb_text_size_&quot;:{&quot;current_class&quot;:&quot;bt_bb_text_size_normal&quot;,&quot;def&quot;:&quot;normal&quot;}}\"><div class=\"bt_bb_separator_v2_inner\"><span class=\"bt_bb_separator_v2_inner_before\"><\/span><span class=\"bt_bb_separator_v2_inner_content\"><span  data-ico-=\"&#x;\" class=\"bt_bb_icon_holder\"><\/span><\/span><span class=\"bt_bb_separator_v2_inner_after\"><\/span><\/div><\/div><\/div><\/div><\/div><\/div><\/div><\/div><!-- cell_inner --><\/div><!-- cell --><\/div><!-- port --><div class=\"bt_bb_section_bottom_section_coverage_image\"><img decoding=\"async\" src=\"https:\/\/pitterpatterplay.co.uk\/wp-content\/uploads\/2022\/04\/bottom_grey_wave_01.png\" alt=\"bt_bb_section_bottom_section_coverage_image\" \/><\/div><\/section><section data-bb-version=\"4.5.9\" id=\"bt_bb_section69f373e208b55\" class=\"bt_bb_section bt_bb_layout_boxed_900 bt_bb_vertical_align_top bt_bb_top_spacing_none bt_bb_bottom_spacing_medium bt_bb_negative_margin_none\" style=\";background-color:rgb(249,244,241);\" data-bt-override-class=\"{&quot;bt_bb_top_spacing_&quot;:{&quot;current_class&quot;:&quot;bt_bb_top_spacing_none&quot;,&quot;def&quot;:&quot;none&quot;},&quot;bt_bb_bottom_spacing_&quot;:{&quot;current_class&quot;:&quot;bt_bb_bottom_spacing_medium&quot;,&quot;def&quot;:&quot;medium&quot;}}\"><div class=\"bt_bb_port\"><div class=\"bt_bb_cell\"><div class=\"bt_bb_cell_inner\"><div class=\"bt_bb_row\"  data-bt-override-class=\"{}\"><div class=\"bt_bb_row_holder\" ><div  class=\"bt_bb_column col-xxl-12 col-xl-12 col-xs-12 col-sm-12 col-md-12 col-lg-12 bt_bb_vertical_align_top bt_bb_align_left bt_bb_padding_normal bt_bb_animation_fade_in animate bt_bb_shape_inherit\" style=\"; --column-width:12;\" data-width=\"12\" data-bt-override-class=\"{&quot;bt_bb_align_&quot;:{&quot;current_class&quot;:&quot;bt_bb_align_left&quot;,&quot;def&quot;:&quot;left&quot;,&quot;xl&quot;:&quot;left&quot;},&quot;bt_bb_padding_&quot;:{&quot;current_class&quot;:&quot;bt_bb_padding_normal&quot;,&quot;def&quot;:&quot;normal&quot;,&quot;xl&quot;:&quot;normal&quot;}}\"><div class=\"bt_bb_column_content\"><div class=\"bt_bb_column_content_inner\"><div class=\"bt_bb_separator_v2 bt_bb_border_style_none bt_bb_top_spacing_none bt_bb_bottom_spacing_medium bt_bb_border_thickness_1 bt_bb_icon_size_normal bt_bb_text_size_normal bt_bb_separator_v2_without_content\" data-bt-override-class=\"{&quot;bt_bb_top_spacing_&quot;:{&quot;current_class&quot;:&quot;bt_bb_top_spacing_none&quot;,&quot;def&quot;:&quot;none&quot;,&quot;xl&quot;:&quot;none&quot;},&quot;bt_bb_bottom_spacing_&quot;:{&quot;current_class&quot;:&quot;bt_bb_bottom_spacing_medium&quot;,&quot;def&quot;:&quot;medium&quot;,&quot;xl&quot;:&quot;medium&quot;},&quot;bt_bb_border_thickness_&quot;:{&quot;current_class&quot;:&quot;bt_bb_border_thickness_1&quot;,&quot;def&quot;:&quot;1&quot;,&quot;xl&quot;:&quot;1&quot;},&quot;bt_bb_icon_size_&quot;:{&quot;current_class&quot;:&quot;bt_bb_icon_size_normal&quot;,&quot;def&quot;:&quot;normal&quot;,&quot;xl&quot;:&quot;normal&quot;},&quot;bt_bb_text_size_&quot;:{&quot;current_class&quot;:&quot;bt_bb_text_size_normal&quot;,&quot;def&quot;:&quot;normal&quot;,&quot;xl&quot;:&quot;normal&quot;}}\"><div class=\"bt_bb_separator_v2_inner\"><span class=\"bt_bb_separator_v2_inner_before\"><\/span><span class=\"bt_bb_separator_v2_inner_content\"><span  data-ico-=\"&#x;\" class=\"bt_bb_icon_holder\"><\/span><\/span><span class=\"bt_bb_separator_v2_inner_after\"><\/span><\/div><\/div><header data-bb-version=\"4.5.9\" class=\"bt_bb_headline bt_bb_subheadline_text_transform_default bt_bb_color_scheme_5 bt_bb_dash_none bt_bb_size_large bt_bb_align_center\" style=\"; --primary-color:#282828; --secondary-color:var(--accent-color);\" data-bt-override-class=\"{&quot;bt_bb_size_&quot;:{&quot;current_class&quot;:&quot;bt_bb_size_large&quot;,&quot;def&quot;:&quot;large&quot;},&quot;bt_bb_align_&quot;:{&quot;current_class&quot;:&quot;bt_bb_align_center&quot;,&quot;def&quot;:&quot;center&quot;}}\"><h2 class=\"bt_bb_headline_tag\"><span class=\"bt_bb_headline_content\"><span>Your questions answered<\/span><\/span><\/h2><\/header><div class=\"bt_bb_separator_v2 bt_bb_border_style_none bt_bb_top_spacing_none bt_bb_bottom_spacing_medium bt_bb_border_thickness_1 bt_bb_icon_size_normal bt_bb_text_size_normal bt_bb_separator_v2_without_content\" data-bt-override-class=\"{&quot;bt_bb_top_spacing_&quot;:{&quot;current_class&quot;:&quot;bt_bb_top_spacing_none&quot;,&quot;def&quot;:&quot;none&quot;,&quot;xl&quot;:&quot;none&quot;},&quot;bt_bb_bottom_spacing_&quot;:{&quot;current_class&quot;:&quot;bt_bb_bottom_spacing_medium&quot;,&quot;def&quot;:&quot;medium&quot;,&quot;xl&quot;:&quot;medium&quot;},&quot;bt_bb_border_thickness_&quot;:{&quot;current_class&quot;:&quot;bt_bb_border_thickness_1&quot;,&quot;def&quot;:&quot;1&quot;,&quot;xl&quot;:&quot;1&quot;},&quot;bt_bb_icon_size_&quot;:{&quot;current_class&quot;:&quot;bt_bb_icon_size_normal&quot;,&quot;def&quot;:&quot;normal&quot;,&quot;xl&quot;:&quot;normal&quot;},&quot;bt_bb_text_size_&quot;:{&quot;current_class&quot;:&quot;bt_bb_text_size_normal&quot;,&quot;def&quot;:&quot;normal&quot;,&quot;xl&quot;:&quot;normal&quot;}}\"><div class=\"bt_bb_separator_v2_inner\"><span class=\"bt_bb_separator_v2_inner_before\"><\/span><span class=\"bt_bb_separator_v2_inner_content\"><span  data-ico-=\"&#x;\" class=\"bt_bb_icon_holder\"><\/span><\/span><span class=\"bt_bb_separator_v2_inner_after\"><\/span><\/div><\/div><\/div><\/div><\/div><\/div><\/div><div class=\"bt_bb_row\"  data-bt-override-class=\"{}\"><div class=\"bt_bb_row_holder\" ><div data-bb-version=\"4.5.9\"  class=\"bt_bb_column col-xxl-12 col-xl-12 col-xs-12 col-sm-12 col-md-12 col-lg-12 bt_bb_vertical_align_top bt_bb_align_left bt_bb_padding_normal bt_bb_animation_fade_in animate\" style=\"; --column-width:12;\" data-width=\"12\" data-bt-override-class=\"{&quot;bt_bb_align_&quot;:{&quot;current_class&quot;:&quot;bt_bb_align_left&quot;,&quot;def&quot;:&quot;left&quot;},&quot;bt_bb_padding_&quot;:{&quot;current_class&quot;:&quot;bt_bb_padding_normal&quot;,&quot;def&quot;:&quot;normal&quot;}}\"><div class=\"bt_bb_column_content\"><div class=\"bt_bb_column_content_inner\"><div class=\"bt_bb_accordion bt_bb_color_scheme_2 bt_bb_icons_color_scheme_7 bt_bb_style_outline bt_bb_shape_square bt_bb_icon_style_borderless\" style=\"; --accordion-primary-color:#282828; --accordion-secondary-color:#ffffff;; --icons-primary-color:var(--alternate-color); --icons-secondary-color:#282828;\"><div class=\"bt_bb_accordion_item btWithIcon\"><div class=\"bt_bb_accordion_item_title\"><div class=\"bt_bb_icon bt_bb_size_normal bt_bb_shape_circle\"><span  data-ico-fontawesome6solid=\"&#xea1e;\" class=\"bt_bb_icon_holder\"><\/span><\/div><div class=\"bt_bb_accordion_item_title_content\">Sut ydw i'n cofrestru ar gyfer clwb ar \u00f4l ysgol?<\/div><\/div><div class=\"bt_bb_accordion_item_content\"><div  class=\"bt_bb_text\" >\n<p>Mae gennym system archebu bwrpasol sy'n eich galluogi i gofrestru eich plentyn, rhoi'r holl wybodaeth sydd ei hangen arnom a chyfathrebu unrhyw wybodaeth ychwanegol <a href=\"https:\/\/cheqdin.com\/app\/portal\/public\/registrations\/pitter-patter-play-ltd\/MzAzNQ%3D%3D?fid=MjI0MA%3D%3D&amp;time=1687772359\"><span style=\"text-decoration: underline;\">here<\/span><\/a>. Os oes gennych unrhyw gwestiynau, gallwch ein cyrraedd ar hello@pitterpatterplay.co.uk.<\/p>\n<\/div>\n<\/div><\/div><div class=\"bt_bb_accordion_item btWithIcon\"><div class=\"bt_bb_accordion_item_title\"><div class=\"bt_bb_icon bt_bb_size_normal bt_bb_shape_circle\"><span  data-ico-fontawesome6solid=\"&#xea1e;\" class=\"bt_bb_icon_holder\"><\/span><\/div><div class=\"bt_bb_accordion_item_title_content\">Beth yw eich ffioedd?<\/div><\/div><div class=\"bt_bb_accordion_item_content\"><div  class=\"bt_bb_text\" >\n<p>Mae rhestr lawn o\u2019n ffioedd ar gyfer ein holl ddarpariaeth i\u2019w gweld yma (dolen i ddilyn)<\/p>\n<\/div>\n<\/div><\/div><div class=\"bt_bb_accordion_item btWithIcon\"><div class=\"bt_bb_accordion_item_title\"><div class=\"bt_bb_icon bt_bb_size_normal bt_bb_shape_circle\"><span  data-ico-fontawesome6solid=\"&#xea1e;\" class=\"bt_bb_icon_holder\"><\/span><\/div><div class=\"bt_bb_accordion_item_title_content\">Sut ydw i'n archebu lleoedd?<\/div><\/div><div class=\"bt_bb_accordion_item_content\"><div  class=\"bt_bb_text\" >\n<p><span class=\"ui-provider ge b c d e f g h i j k l m n o p q r s t u v w x y z ab ac ae af ag ah ai aj ak\" dir=\"ltr\">Unwaith y byddwch wedi cofrestru, ac y byddwn wedi cwblhau eich gwaith papur, byddwch yn gallu archebu drwy fewngofnodi i'n tudalen ar Cheqdin. Gallwch gyrchu'r ddolen yma (dolen i'r dudalen archebu). Mae\u2019r ffi yn daladwy adeg archebu, a gallwch reoli lleoedd rheolaidd ac ad-hoc drwy\u2019r ap.<\/span><\/p>\n<\/div>\n<\/div><\/div><div class=\"bt_bb_accordion_item btWithIcon\"><div class=\"bt_bb_accordion_item_title\"><div class=\"bt_bb_icon bt_bb_size_normal bt_bb_shape_circle\"><span  data-ico-fontawesome6solid=\"&#xea1e;\" class=\"bt_bb_icon_holder\"><\/span><\/div><div class=\"bt_bb_accordion_item_title_content\">Beth yw eich cymhareb staff i blant?<\/div><\/div><div class=\"bt_bb_accordion_item_content\"><div  class=\"bt_bb_text\" >\n<p>Rydym yn cydymffurfio \u00e2 holl reoliadau AGC ac mae gennym o leiaf 1 oedolyn i bob 8 plentyn.<\/p>\n<\/div>\n<\/div><\/div><div class=\"bt_bb_accordion_item btWithIcon\"><div class=\"bt_bb_accordion_item_title\"><div class=\"bt_bb_icon bt_bb_size_normal bt_bb_shape_circle\"><span  data-ico-fontawesome6solid=\"&#xea1e;\" class=\"bt_bb_icon_holder\"><\/span><\/div><div class=\"bt_bb_accordion_item_title_content\">A allaf ganslo archeb?<\/div><\/div><div class=\"bt_bb_accordion_item_content\"><div  class=\"bt_bb_text\" >\n<p>Gallwch ofyn i ganslo lle 7 diwrnod neu fwy ymlaen llaw. Os gallwn lenwi'r lle byddwn yn rhoi credyd yn erbyn eich anfoneb nesaf.<\/p>\n<\/div>\n<\/div><\/div><div class=\"bt_bb_accordion_item btWithIcon\"><div class=\"bt_bb_accordion_item_title\"><div class=\"bt_bb_icon bt_bb_size_normal bt_bb_shape_circle\"><span  data-ico-fontawesome6solid=\"&#xea1e;\" class=\"bt_bb_icon_holder\"><\/span><\/div><div class=\"bt_bb_accordion_item_title_content\">Oes angen i mi ddarparu bwyd?<\/div><\/div><div class=\"bt_bb_accordion_item_content\"><div  class=\"bt_bb_text\" >\n<p>Rydym yn darparu byrbryd am 4.15pm ac mae hyn wedi'i gynnwys yn y pris. Gofynnwn yn gwrtais i chi beidio ag anfon bwyd ychwanegol gyda'ch plentyn. Anfonwch botel dd\u0175r wedi'i labelu y byddwn yn ei hail-lenwi yn ystod y sesiwn. Cyhoeddir bwydlen wythnosol ymlaen llaw a dylid cofnodi'r holl alergeddau\/gofynion dietegol yn ystod y broses gofrestru.<\/p>\n<\/div>\n<\/div><\/div><div class=\"bt_bb_accordion_item btWithIcon\"><div class=\"bt_bb_accordion_item_title\"><div class=\"bt_bb_icon bt_bb_size_normal bt_bb_shape_circle\"><span  data-ico-fontawesome6solid=\"&#xea1e;\" class=\"bt_bb_icon_holder\"><\/span><\/div><div class=\"bt_bb_accordion_item_title_content\">A allaf ddefnyddio credydau treth, cynnig gofal plant, gofal plant di-dreth neu dalebau gofal plant?<\/div><\/div><div class=\"bt_bb_accordion_item_content\"><div  class=\"bt_bb_text\" >\n<p>Rydym yn derbyn pob un o'r uchod. Pan fyddwch yn creu archeb, byddwch yn derbyn yr holl fanylion sydd eu hangen arnoch i sefydlu hyn. Byddwch yn ymwybodol mai chi sy'n gyfrifol am dalu unrhyw wahaniaeth rhwng cyllid a chost wirioneddol.<\/p>\n<\/div>\n<\/div><\/div><div class=\"bt_bb_accordion_item btWithIcon\"><div class=\"bt_bb_accordion_item_title\"><div class=\"bt_bb_icon bt_bb_size_normal bt_bb_shape_circle\"><span  data-ico-fontawesome6solid=\"&#xea1e;\" class=\"bt_bb_icon_holder\"><\/span><\/div><div class=\"bt_bb_accordion_item_title_content\">A allaf dalu gydag arian parod\/siec\/trosglwyddiad banc?<\/div><\/div><div class=\"bt_bb_accordion_item_content\"><div  class=\"bt_bb_text\" >\n<p>Rydym yn defnyddio system archebu gwbl awtomataidd trwy Cheqdin a chan mai\u2019r taliad sy\u2019n cwblhau\u2019r archeb nid ydym yn derbyn dulliau talu eraill. Gall y system brosesu archebion a thaliadau ar gyfer sesiynau ad-hoc sydd y tu allan i'ch patrwm archebu arferol.<\/p>\n<\/div>\n<\/div><\/div><div class=\"bt_bb_accordion_item btWithIcon\"><div class=\"bt_bb_accordion_item_title\"><div class=\"bt_bb_icon bt_bb_size_normal bt_bb_shape_circle\"><span  data-ico-fontawesome6solid=\"&#xea1e;\" class=\"bt_bb_icon_holder\"><\/span><\/div><div class=\"bt_bb_accordion_item_title_content\">Sut y byddwch yn cadw mewn cysylltiad \u00e2 mi tra bydd fy mhlentyn yn eich gofal?<\/div><\/div><div class=\"bt_bb_accordion_item_content\"><div  class=\"bt_bb_text\" >\n<p>Os byddwch yn caniat\u00e1u hysbysiadau o ap Cheqdin yna byddwch yn derbyn gwahoddiadau dyddiadur ar gyfer eich archebion, hysbysiadau amser real o fewngofnodi ac allgofnodi, bwydlen, ffotograffau\/diweddariadau ac adroddiadau am f\u00e2n ddigwyddiadau. Byddai'r arweinydd yn rhoi gwybod am unrhyw ddigwyddiad mawr dros y ff\u00f4n i'r rhai a restrir ar y ffurflen cyswllt brys. Byddwch yn gallu cyfathrebu \u00e2 ni drwy'r ap. Bydd rhif argyfwng hefyd ar gael ar gyfer galwadau ff\u00f4n yn unig.<\/p>\n<\/div>\n<\/div><\/div><div class=\"bt_bb_accordion_item btWithIcon\"><div class=\"bt_bb_accordion_item_title\"><div class=\"bt_bb_icon bt_bb_size_normal bt_bb_shape_circle\"><span  data-ico-fontawesome6solid=\"&#xea1e;\" class=\"bt_bb_icon_holder\"><\/span><\/div><div class=\"bt_bb_accordion_item_title_content\">Sut gallaf gysylltu \u00e2 chi yn ystod y sesiwn?<\/div><\/div><div class=\"bt_bb_accordion_item_content\"><div  class=\"bt_bb_text\" >\n<p>Er mwyn sicrhau mai gofalu am y plant yw ein prif ffocws o hyd, gofynnwn i chi gyfathrebu unrhyw ddiweddariadau nad ydynt yn rhai brys trwy'r ap. Bydd rhif argyfwng hefyd ar gael ar gyfer galwadau ff\u00f4n yn ystod oriau'r clwb yn unig, a byddwch yn cael gwybod am hyn wrth gofrestru. Y tu allan i oriau'r clwb, cysylltwch \u00e2 ni ar hello@pitterpatterplay.co.uk<\/p>\n<\/div>\n<\/div><\/div><div class=\"bt_bb_accordion_item btWithIcon\"><div class=\"bt_bb_accordion_item_title\"><div class=\"bt_bb_icon bt_bb_size_normal bt_bb_shape_circle\"><span  data-ico-fontawesome6solid=\"&#xea1e;\" class=\"bt_bb_icon_holder\"><\/span><\/div><div class=\"bt_bb_accordion_item_title_content\">Beth yw'r broses ar gyfer trosglwyddo rhwng yr ysgol a'r clwb ar \u00f4l ysgol?<\/div><\/div><div class=\"bt_bb_accordion_item_content\"><div  class=\"bt_bb_text\" >\n<p>Bydd aelod o staff yr ysgol yn dod \u00e2\u2019ch plentyn i\u2019r lleoliad a bydd yn cael ei lofnodi i mewn i\u2019r lleoliad gan aelod o\u2019n staff drwy\u2019r ap. Byddwch yn derbyn hysbysiad trwy'r ap os yw hyn wedi'i alluogi gennych.<\/p>\n<\/div>\n<\/div><\/div><div class=\"bt_bb_accordion_item btWithIcon\"><div class=\"bt_bb_accordion_item_title\"><div class=\"bt_bb_icon bt_bb_size_normal bt_bb_shape_circle\"><span  data-ico-fontawesome6solid=\"&#xea1e;\" class=\"bt_bb_icon_holder\"><\/span><\/div><div class=\"bt_bb_accordion_item_title_content\">Pwy all gasglu fy mhlentyn?<\/div><\/div><div class=\"bt_bb_accordion_item_content\"><div  class=\"bt_bb_text\" >\n<p>Wrth gofrestru gofynnir i chi roi manylion yr holl bobl a fyddai'n cael casglu'ch plentyn. Am resymau diogelwch rhaid cofrestru unrhyw newidiadau i hyn trwy'r ap. Cofiwch gasglu eich plentyn mewn pryd, mae'n bolisi gennym i godi t\u00e2l am gasgliadau hwyr. Ceir rhagor o fanylion yn ein polisi Casglu Plant.<\/p>\n<\/div>\n<\/div><\/div><div class=\"bt_bb_accordion_item btWithIcon\"><div class=\"bt_bb_accordion_item_title\"><div class=\"bt_bb_icon bt_bb_size_normal bt_bb_shape_circle\"><span  data-ico-fontawesome6solid=\"&#xea1e;\" class=\"bt_bb_icon_holder\"><\/span><\/div><div class=\"bt_bb_accordion_item_title_content\">Unrhyw gwestiynau eraill?<\/div><\/div><div class=\"bt_bb_accordion_item_content\"><div  class=\"bt_bb_text\" >\n<p>Os oes unrhyw beth yr hoffech siarad \u00e2 ni yn ei gylch, cysylltwch \u00e2 ni ar hello@pitterpatterplay.co.uk<\/p>\n<\/div>\n<\/div><\/div><\/div><div class=\"bt_bb_separator_v2 bt_bb_border_style_none bt_bb_top_spacing_none bt_bb_bottom_spacing_none bt_bb_border_thickness_1 bt_bb_icon_size_normal bt_bb_text_size_normal bt_bb_separator_v2_without_content\" data-bt-override-class=\"{&quot;bt_bb_top_spacing_&quot;:{&quot;current_class&quot;:&quot;bt_bb_top_spacing_none&quot;,&quot;def&quot;:&quot;none&quot;,&quot;xl&quot;:&quot;none&quot;},&quot;bt_bb_bottom_spacing_&quot;:{&quot;current_class&quot;:&quot;bt_bb_bottom_spacing_none&quot;,&quot;def&quot;:&quot;none&quot;,&quot;xl&quot;:&quot;none&quot;,&quot;md&quot;:&quot;normal&quot;,&quot;sm&quot;:&quot;normal&quot;,&quot;xs&quot;:&quot;normal&quot;},&quot;bt_bb_border_thickness_&quot;:{&quot;current_class&quot;:&quot;bt_bb_border_thickness_1&quot;,&quot;def&quot;:&quot;1&quot;,&quot;xl&quot;:&quot;1&quot;},&quot;bt_bb_icon_size_&quot;:{&quot;current_class&quot;:&quot;bt_bb_icon_size_normal&quot;,&quot;def&quot;:&quot;normal&quot;,&quot;xl&quot;:&quot;normal&quot;},&quot;bt_bb_text_size_&quot;:{&quot;current_class&quot;:&quot;bt_bb_text_size_normal&quot;,&quot;def&quot;:&quot;normal&quot;,&quot;xl&quot;:&quot;normal&quot;}}\"><div class=\"bt_bb_separator_v2_inner\"><span class=\"bt_bb_separator_v2_inner_before\"><\/span><span class=\"bt_bb_separator_v2_inner_content\"><span  data-ico-=\"&#x;\" class=\"bt_bb_icon_holder\"><\/span><\/span><span class=\"bt_bb_separator_v2_inner_after\"><\/span><\/div><\/div><\/div><\/div><\/div><\/div><\/div><\/div><!-- cell_inner --><\/div><!-- cell --><\/div><!-- port --><\/section><\/p>","protected":false},"excerpt":{"rendered":"","protected":false},"author":1,"featured_media":0,"parent":0,"menu_order":0,"comment_status":"closed","ping_status":"closed","template":"","meta":{"footnotes":"","_wp_rev_ctl_limit":""},"class_list":["post-4069","page","type-page","status-publish","hentry"],"_links":{"self":[{"href":"https:\/\/pitterpatterplay.co.uk\/cy\/wp-json\/wp\/v2\/pages\/4069","targetHints":{"allow":["GET"]}}],"collection":[{"href":"https:\/\/pitterpatterplay.co.uk\/cy\/wp-json\/wp\/v2\/pages"}],"about":[{"href":"https:\/\/pitterpatterplay.co.uk\/cy\/wp-json\/wp\/v2\/types\/page"}],"author":[{"embeddable":true,"href":"https:\/\/pitterpatterplay.co.uk\/cy\/wp-json\/wp\/v2\/users\/1"}],"replies":[{"embeddable":true,"href":"https:\/\/pitterpatterplay.co.uk\/cy\/wp-json\/wp\/v2\/comments?post=4069"}],"version-history":[{"count":10,"href":"https:\/\/pitterpatterplay.co.uk\/cy\/wp-json\/wp\/v2\/pages\/4069\/revisions"}],"predecessor-version":[{"id":4097,"href":"https:\/\/pitterpatterplay.co.uk\/cy\/wp-json\/wp\/v2\/pages\/4069\/revisions\/4097"}],"wp:attachment":[{"href":"https:\/\/pitterpatterplay.co.uk\/cy\/wp-json\/wp\/v2\/media?parent=4069"}],"curies":[{"name":"wp","href":"https:\/\/api.w.org\/{rel}","templated":true}]}}